{"id":511,"date":"2026-04-08T10:18:52","date_gmt":"2026-04-08T08:18:52","guid":{"rendered":"https:\/\/via27.com\/comprar-una-casa-o-hacerla-tu\/"},"modified":"2026-04-09T21:23:40","modified_gmt":"2026-04-09T19:23:40","slug":"comprar-una-casa-o-hacerla-tu","status":"publish","type":"page","link":"https:\/\/via27.com\/es\/comprar-una-casa-o-hacerla-tu\/","title":{"rendered":"\u00bfComprar una casa o hacerla t\u00fa?"},"content":{"rendered":"\t\t<div data-elementor-type=\"wp-page\" data-elementor-id=\"511\" class=\"elementor elementor-511 elementor-402\">\n\t\t\t\t<div class=\"elementor-element elementor-element-f084486 e-flex e-con-boxed e-con e-parent\" data-id=\"f084486\" data-element_type=\"container\" data-e-type=\"container\" data-settings=\"{&quot;background_background&quot;:&quot;classic&quot;}\">\n\t\t\t\t\t<div class=\"e-con-inner\">\n\t\t\t\t<div class=\"elementor-element elementor-element-98dd1d9 elementor-absolute elementor-widget elementor-widget-heading\" data-id=\"98dd1d9\" data-element_type=\"widget\" data-e-type=\"widget\" data-settings=\"{&quot;_position&quot;:&quot;absolute&quot;}\" data-widget_type=\"heading.default\">\n\t\t\t\t\t<h2 class=\"elementor-heading-title elementor-size-default\">\u00bfDUDAS DE<br>LO QUE TE CONVIENE?<\/h2>\t\t\t\t<\/div>\n\t\t\t\t\t<\/div>\n\t\t\t\t<\/div>\n\t\t<div class=\"elementor-element elementor-element-b5927d9 e-flex e-con-boxed e-con e-parent\" data-id=\"b5927d9\" data-element_type=\"container\" data-e-type=\"container\">\n\t\t\t\t\t<div class=\"e-con-inner\">\n\t\t\t\t<div class=\"elementor-element elementor-element-d08df94 elementor-widget elementor-widget-heading\" data-id=\"d08df94\" data-element_type=\"widget\" data-e-type=\"widget\" data-widget_type=\"heading.default\">\n\t\t\t\t\t<h1 class=\"elementor-heading-title elementor-size-default\">\u00bfComprar una casa o hacerla t\u00fa?<\/h1>\t\t\t\t<\/div>\n\t\t\t\t<div class=\"elementor-element elementor-element-6569b83 elementor-widget elementor-widget-text-editor\" data-id=\"6569b83\" data-element_type=\"widget\" data-e-type=\"widget\" data-widget_type=\"text-editor.default\">\n\t\t\t\t\t\t\t\t\t<p>No est\u00e1 claro que promover t\u00fa mismo la casa te salga m\u00e1s barato: de hecho, es bastante probable que gastes m\u00e1s\u2026 en suplementos y calidades. Est\u00e1 claro que conseguir\u00e1s algo m\u00e1s personal, pero si solo te importa la econom\u00eda\u2026 compra una casa ya hecha, a menos que t\u00fa mismo seas \u201cdel ramo\u201d o tengas tiempo de sobra.<\/p><p>Ser promotor de una casa, el propio hogar, supone aventurarse en terrenos desconocidos, complejos y arriesgados: financiaci\u00f3n, legalidad urban\u00edstica, licencias de obra, responsabilidad civil, b\u00fasqueda de arquitecto y constructor y\/o industriales, decisi\u00f3n de materiales y procedimientos, inmersi\u00f3n en los usos, costumbres y niveles de formalidad del mundo de la construcci\u00f3n, tr\u00e1mites fiscales y notariales, etc.<\/p><p>Es por eso que mucha gente, al tomar la important\u00edsima decisi\u00f3n de conseguir una casa, la compra a un promotor de viviendas gen\u00e9ricas y renuncia a las ventajas de la personalizaci\u00f3n. Pero si est\u00e1s leyendo esto, est\u00e1 claro que tienes cierta inclinaci\u00f3n a hacerte la casa t\u00fa mismo antes que comprarla. En todo caso, vale la pena hacer algunas consideraciones que, como casi todo el texto, ser\u00e1n obviedades, pero que os ofrecer\u00e9 de manera ordenada y ponderada.<\/p><p>Comprar una casa ya hecha implica contactar con diferentes promotores inmobiliarios que hayan realizado una \u201cpromoci\u00f3n\u201d, o con distintos Agentes de la Propiedad Inmobiliaria que vendan casas de promotores; que te ense\u00f1en los productos, decidir cu\u00e1l te interesa, negociar el precio y las condiciones y asegurarte de que no te estafen.<\/p><p><strong>Si la obra est\u00e1 terminada, comprar es la opci\u00f3n correcta para quien valora, sobre todo:<\/strong><\/p><p>\u00b7 Tener seguridad absoluta sobre el coste y el aspecto final, as\u00ed como la rapidez de poder entrar a vivir. \u00b7 Evitar dolores de cabeza pasando m\u00e1s de un a\u00f1o durmiendo mal<br>\u00b7 No tener que tomar mil decisiones dif\u00edciles, sino solo una: comprar o no<br>\u00b7 Poder echar la culpa de errores y desajustes a terceras personas<br>\u00b7 Poder concentrar las reclamaciones en una sola persona: el promotor<\/p><p><strong>En cambio, decidir hacerse autopromotor (es decir, promover su propia casa) lo har\u00e1 quien:<\/strong><\/p><p>\u00b7 Le hace ilusi\u00f3n participar, elegir y vivir el proceso, aunque sea un desaf\u00edo personal<br>\u00b7 Tiene un sentido deportivo de la vida y le gusta involucrarse en temas sugerentes pero dif\u00edciles<br>\u00b7 Le gusta el bricolaje a cualquier escala, y cree que puede resolverlo todo con la ayuda adecuada<br>\u00b7 Tiene inquietudes respecto a la sostenibilidad o a instalaciones singulares<br>\u00b7 Quiere decidir exactamente d\u00f3nde gastar m\u00e1s dinero<br>\u00b7 Cree que su gesti\u00f3n repercutir\u00e1 en una mejor relaci\u00f3n calidad-precio del producto final<br>\u00b7 Quiere, como he dicho al principio, dejar en el mundo su huella con una construcci\u00f3n que pueda durar bastante m\u00e1s que \u00e9l mismo, siempre que act\u00fae como el cerdito listo del cuento<\/p>\t\t\t\t\t\t\t\t<\/div>\n\t\t\t\t\t<\/div>\n\t\t\t\t<\/div>\n\t\t<div class=\"elementor-element elementor-element-1d304de e-flex e-con-boxed e-con e-parent\" data-id=\"1d304de\" data-element_type=\"container\" data-e-type=\"container\">\n\t\t\t\t\t<div class=\"e-con-inner\">\n\t\t<div class=\"elementor-element elementor-element-e971a4d e-con-full e-flex e-con e-child\" data-id=\"e971a4d\" data-element_type=\"container\" data-e-type=\"container\" data-settings=\"{&quot;background_background&quot;:&quot;classic&quot;}\">\n\t\t\t\t<div class=\"elementor-element elementor-element-7a753cf elementor-widget__width-initial mesdubtes elementor-widget elementor-widget-text-editor\" data-id=\"7a753cf\" data-element_type=\"widget\" data-e-type=\"widget\" data-widget_type=\"text-editor.default\">\n\t\t\t\t\t\t\t\t\t<p><a href=\"https:\/\/via27.com\/es\/reformar-o-hacer-obra-nueva\/\">\u00bfReformar o hacer obra nueva?<\/a><\/p>\t\t\t\t\t\t\t\t<\/div>\n\t\t\t\t<\/div>\n\t\t<div class=\"elementor-element elementor-element-e4d61ff e-con-full e-flex e-con e-child\" data-id=\"e4d61ff\" data-element_type=\"container\" data-e-type=\"container\" data-settings=\"{&quot;background_background&quot;:&quot;classic&quot;}\">\n\t\t\t\t<div class=\"elementor-element elementor-element-c40643c elementor-widget__width-initial mesdubtes elementor-widget elementor-widget-text-editor\" data-id=\"c40643c\" data-element_type=\"widget\" data-e-type=\"widget\" data-widget_type=\"text-editor.default\">\n\t\t\t\t\t\t\t\t\t<p><a href=\"https:\/\/via27.com\/es\/informacion-breve-sobre-conflictos-o-patologias\/\">\u00bfInformaci\u00f3n breve sobre conflictos o patolog\u00edas?<\/a><\/p>\t\t\t\t\t\t\t\t<\/div>\n\t\t\t\t<\/div>\n\t\t\t\t\t<\/div>\n\t\t\t\t<\/div>\n\t\t\t\t<\/div>\n\t\t","protected":false},"excerpt":{"rendered":"<p>\u00bfDUDAS DELO QUE TE CONVIENE? \u00bfComprar una casa o hacerla t\u00fa? No est\u00e1 claro que promover t\u00fa mismo la casa te salga m\u00e1s barato: de hecho, es bastante probable que gastes m\u00e1s\u2026 en suplementos y calidades. Est\u00e1 claro que conseguir\u00e1s algo m\u00e1s personal, pero si solo te importa la econom\u00eda\u2026 compra una casa ya hecha, [&hellip;]<\/p>\n","protected":false},"author":1,"featured_media":0,"parent":0,"menu_order":0,"comment_status":"closed","ping_status":"closed","template":"elementor_header_footer","meta":{"footnotes":""},"class_list":["post-511","page","type-page","status-publish","hentry"],"_links":{"self":[{"href":"https:\/\/via27.com\/es\/wp-json\/wp\/v2\/pages\/511","targetHints":{"allow":["GET"]}}],"collection":[{"href":"https:\/\/via27.com\/es\/wp-json\/wp\/v2\/pages"}],"about":[{"href":"https:\/\/via27.com\/es\/wp-json\/wp\/v2\/types\/page"}],"author":[{"embeddable":true,"href":"https:\/\/via27.com\/es\/wp-json\/wp\/v2\/users\/1"}],"replies":[{"embeddable":true,"href":"https:\/\/via27.com\/es\/wp-json\/wp\/v2\/comments?post=511"}],"version-history":[{"count":5,"href":"https:\/\/via27.com\/es\/wp-json\/wp\/v2\/pages\/511\/revisions"}],"predecessor-version":[{"id":742,"href":"https:\/\/via27.com\/es\/wp-json\/wp\/v2\/pages\/511\/revisions\/742"}],"wp:attachment":[{"href":"https:\/\/via27.com\/es\/wp-json\/wp\/v2\/media?parent=511"}],"curies":[{"name":"wp","href":"https:\/\/api.w.org\/{rel}","templated":true}]}}