{"id":535,"date":"2026-04-08T23:09:16","date_gmt":"2026-04-08T21:09:16","guid":{"rendered":"https:\/\/via27.com\/por-que-se-como-ayudarte\/"},"modified":"2026-04-09T21:24:46","modified_gmt":"2026-04-09T19:24:46","slug":"por-que-se-como-ayudarte","status":"publish","type":"page","link":"https:\/\/via27.com\/es\/por-que-se-como-ayudarte\/","title":{"rendered":"\u00bfPor qu\u00e9 s\u00e9 c\u00f3mo ayudarte?"},"content":{"rendered":"\t\t<div data-elementor-type=\"wp-page\" data-elementor-id=\"535\" class=\"elementor elementor-535 elementor-448\">\n\t\t\t\t<div class=\"elementor-element elementor-element-0b338f5 e-flex e-con-boxed e-con e-parent\" data-id=\"0b338f5\" data-element_type=\"container\" data-e-type=\"container\" data-settings=\"{&quot;background_background&quot;:&quot;classic&quot;}\">\n\t\t\t\t\t<div class=\"e-con-inner\">\n\t\t\t\t\t<\/div>\n\t\t\t\t<\/div>\n\t\t<div class=\"elementor-element elementor-element-fd131c6 e-flex e-con-boxed e-con e-parent\" data-id=\"fd131c6\" data-element_type=\"container\" data-e-type=\"container\" id=\"comPucAjudar-te\" data-settings=\"{&quot;background_background&quot;:&quot;classic&quot;}\">\n\t\t\t\t\t<div class=\"e-con-inner\">\n\t\t<div class=\"elementor-element elementor-element-e38915d e-con-full e-flex e-con e-child\" data-id=\"e38915d\" data-element_type=\"container\" data-e-type=\"container\">\n\t\t\t\t<div class=\"elementor-element elementor-element-55356eb elementor-widget elementor-widget-heading\" data-id=\"55356eb\" data-element_type=\"widget\" data-e-type=\"widget\" data-widget_type=\"heading.default\">\n\t\t\t\t\t<h2 class=\"elementor-heading-title elementor-size-default\">\u00bfPor qu\u00e9 te puedo ayudar<\/h2>\t\t\t\t<\/div>\n\t\t\t\t<div class=\"elementor-element elementor-element-7dffce3 elementor-widget elementor-widget-heading\" data-id=\"7dffce3\" data-element_type=\"widget\" data-e-type=\"widget\" data-widget_type=\"heading.default\">\n\t\t\t\t\t<h2 class=\"elementor-heading-title elementor-size-default\">como arquitecto?<\/h2>\t\t\t\t<\/div>\n\t\t\t\t<\/div>\n\t\t<div class=\"elementor-element elementor-element-57e02df e-con-full e-flex e-con e-child\" data-id=\"57e02df\" data-element_type=\"container\" data-e-type=\"container\">\n\t\t\t\t<div class=\"elementor-element elementor-element-7ee73ef elementor-widget__width-inherit elementor-widget elementor-widget-text-editor\" data-id=\"7ee73ef\" data-element_type=\"widget\" data-e-type=\"widget\" data-widget_type=\"text-editor.default\">\n\t\t\t\t\t\t\t\t\t<p>Porque conozco todos los aspectos y conflictos de la promoci\u00f3n y construcci\u00f3n de casas.<\/p><p>He proyectado y dirigido cientos de edificios, medianos y peque\u00f1os, el 90\u202f% de ellos de vivienda. En los \u00faltimos 20 a\u00f1os me he concentrado en la vivienda unifamiliar de proximidad, la gran mayor\u00eda en el Empord\u00e0, donde tengo muchos clientes que pueden daros opiniones sobre m\u00ed. <\/p>\t\t\t\t\t\t\t\t<\/div>\n\t\t\t\t<div class=\"elementor-element elementor-element-8e36b64 elementor-widget elementor-widget-button\" data-id=\"8e36b64\" data-element_type=\"widget\" data-e-type=\"widget\" data-widget_type=\"button.default\">\n\t\t\t\t\t\t\t\t\t\t<a class=\"elementor-button elementor-button-link elementor-size-sm\" href=\"https:\/\/www.google.com\/search?client=firefox-b-d&#038;hs=vd0U&#038;sa=X&#038;sca_esv=a8881eab68290456&#038;sxsrf=ANbL-n5mFLlpTjzOE1cCS0CBxc0BgbT6Bg:1775730407740&#038;q=Juli+Llueca,+Arquitecte+Ressenyes&#038;rflfq=1&#038;num=20&#038;stick=H4sIAAAAAAAAAONgkxIxNDQyNjcwNzGzMLU0MDI1NTC2MNrAyPiKUdGrNCdTwSenNDU5UUfBsaiwNLMkNbkkVSEotbg4Na8ytXgRK2E1AFGAKjFjAAAA&#038;rldimm=11237074685902550382&#038;tbm=lcl&#038;hl=ca-ES&#038;ved=2ahUKEwjBgK6hx-CTAxUoUaQEHR1-G-AQ9fQKegQIYhAG&#038;biw=2512&#038;bih=1298&#038;dpr=2#lkt=LocalPoiReviews\" target=\"_blank\">\n\t\t\t\t\t\t<span class=\"elementor-button-content-wrapper\">\n\t\t\t\t\t\t\t\t\t<span class=\"elementor-button-text\">\u00bfQUIERES VERLAS?<\/span>\n\t\t\t\t\t<\/span>\n\t\t\t\t\t<\/a>\n\t\t\t\t\t\t\t\t<\/div>\n\t\t\t\t<div class=\"elementor-element elementor-element-8defc5a elementor-widget elementor-widget-spacer\" data-id=\"8defc5a\" data-element_type=\"widget\" data-e-type=\"widget\" data-widget_type=\"spacer.default\">\n\t\t\t\t\t\t\t<div class=\"elementor-spacer\">\n\t\t\t<div class=\"elementor-spacer-inner\"><\/div>\n\t\t<\/div>\n\t\t\t\t\t\t<\/div>\n\t\t\t\t<div class=\"elementor-element elementor-element-d5be62c elementor-widget__width-inherit elementor-widget elementor-widget-text-editor\" data-id=\"d5be62c\" data-element_type=\"widget\" data-e-type=\"widget\" data-widget_type=\"text-editor.default\">\n\t\t\t\t\t\t\t\t\t<p>En lugar de jubilarme, he reducido mucho mi ritmo de trabajo; por eso atiendo a mis clientes por tel\u00e9fono.<\/p>\t\t\t\t\t\t\t\t<\/div>\n\t\t\t\t<\/div>\n\t\t\t\t\t<\/div>\n\t\t\t\t<\/div>\n\t\t<div class=\"elementor-element elementor-element-93d8775 e-con-full e-flex e-con e-parent\" data-id=\"93d8775\" data-element_type=\"container\" data-e-type=\"container\" id=\"contacte\" data-settings=\"{&quot;background_background&quot;:&quot;classic&quot;}\">\n\t\t<div class=\"elementor-element elementor-element-d96e699 e-con-full e-flex e-con e-child\" data-id=\"d96e699\" data-element_type=\"container\" data-e-type=\"container\" data-settings=\"{&quot;background_background&quot;:&quot;classic&quot;}\">\n\t\t\t\t<div class=\"elementor-element elementor-element-1466626 elementor-widget elementor-widget-heading\" data-id=\"1466626\" data-element_type=\"widget\" data-e-type=\"widget\" data-widget_type=\"heading.default\">\n\t\t\t\t\t<h6 class=\"elementor-heading-title elementor-size-default\">Mi obra<\/h6>\t\t\t\t<\/div>\n\t\t\t\t<div class=\"elementor-element elementor-element-a33e184 elementor-arrows-position-outside elementor-pagination-position-outside elementor-widget elementor-widget-image-carousel\" data-id=\"a33e184\" data-element_type=\"widget\" data-e-type=\"widget\" data-settings=\"{&quot;slides_to_show&quot;:&quot;3&quot;,&quot;image_spacing_custom&quot;:{&quot;unit&quot;:&quot;px&quot;,&quot;size&quot;:32,&quot;sizes&quot;:[]},&quot;navigation&quot;:&quot;both&quot;,&quot;autoplay&quot;:&quot;yes&quot;,&quot;pause_on_hover&quot;:&quot;yes&quot;,&quot;pause_on_interaction&quot;:&quot;yes&quot;,&quot;autoplay_speed&quot;:5000,&quot;infinite&quot;:&quot;yes&quot;,&quot;speed&quot;:500,&quot;image_spacing_custom_tablet&quot;:{&quot;unit&quot;:&quot;px&quot;,&quot;size&quot;:&quot;&quot;,&quot;sizes&quot;:[]},&quot;image_spacing_custom_mobile&quot;:{&quot;unit&quot;:&quot;px&quot;,&quot;size&quot;:&quot;&quot;,&quot;sizes&quot;:[]}}\" data-widget_type=\"image-carousel.default\">\n\t\t\t\t\t\t\t<div class=\"elementor-image-carousel-wrapper swiper\" role=\"region\" aria-roledescription=\"carousel\" aria-label=\"Carrusel d&#039;imatges\" dir=\"ltr\">\n\t\t\t<div class=\"elementor-image-carousel swiper-wrapper swiper-image-stretch\" aria-live=\"off\">\n\t\t\t\t\t\t\t\t<div class=\"swiper-slide\" role=\"group\" aria-roledescription=\"slide\" aria-label=\"1 de 16\"><figure class=\"swiper-slide-inner\"><img decoding=\"async\" class=\"swiper-slide-image\" src=\"https:\/\/via27.com\/wp-content\/uploads\/2026\/04\/Armentera-scaled.jpg\" alt=\"L&#039;Armentera\" \/><figcaption class=\"elementor-image-carousel-caption\">L'Armentera<\/figcaption><\/figure><\/div><div class=\"swiper-slide\" role=\"group\" aria-roledescription=\"slide\" aria-label=\"2 de 16\"><figure class=\"swiper-slide-inner\"><img decoding=\"async\" class=\"swiper-slide-image\" src=\"https:\/\/via27.com\/wp-content\/uploads\/2026\/04\/Avinyonet-3b-scaled.jpg\" alt=\"Avinyonet de Puigvent\u00f3s\" \/><figcaption class=\"elementor-image-carousel-caption\">Avinyonet de Puigvent\u00f3s<\/figcaption><\/figure><\/div><div class=\"swiper-slide\" role=\"group\" aria-roledescription=\"slide\" aria-label=\"3 de 16\"><figure class=\"swiper-slide-inner\"><img decoding=\"async\" class=\"swiper-slide-image\" src=\"https:\/\/via27.com\/wp-content\/uploads\/2026\/04\/Borrassa2-scaled.jpg\" alt=\"Borrass\u00e0\" \/><figcaption class=\"elementor-image-carousel-caption\">Borrass\u00e0<\/figcaption><\/figure><\/div><div class=\"swiper-slide\" role=\"group\" aria-roledescription=\"slide\" aria-label=\"4 de 16\"><figure class=\"swiper-slide-inner\"><img decoding=\"async\" class=\"swiper-slide-image\" src=\"https:\/\/via27.com\/wp-content\/uploads\/2026\/04\/Capmany-Ajuntament.jpg\" alt=\"Capmany, Ayuntamiento\" \/><figcaption class=\"elementor-image-carousel-caption\">Capmany, Ayuntamiento<\/figcaption><\/figure><\/div><div class=\"swiper-slide\" role=\"group\" aria-roledescription=\"slide\" aria-label=\"5 de 16\"><figure class=\"swiper-slide-inner\"><img decoding=\"async\" class=\"swiper-slide-image\" src=\"https:\/\/via27.com\/wp-content\/uploads\/2026\/04\/CC-Les-Forques.jpg\" alt=\"CC Les Forques\" \/><figcaption class=\"elementor-image-carousel-caption\">CC Les Forques<\/figcaption><\/figure><\/div><div class=\"swiper-slide\" role=\"group\" aria-roledescription=\"slide\" aria-label=\"6 de 16\"><figure class=\"swiper-slide-inner\"><img decoding=\"async\" class=\"swiper-slide-image\" src=\"https:\/\/via27.com\/wp-content\/uploads\/2026\/04\/CC-LesMelies.jpg\" alt=\"CC Les M\u00e8lies\" \/><figcaption class=\"elementor-image-carousel-caption\">CC Les M\u00e8lies<\/figcaption><\/figure><\/div><div class=\"swiper-slide\" role=\"group\" aria-roledescription=\"slide\" aria-label=\"7 de 16\"><figure class=\"swiper-slide-inner\"><img decoding=\"async\" class=\"swiper-slide-image\" src=\"https:\/\/via27.com\/wp-content\/uploads\/2026\/04\/Espolla.jpg\" alt=\"Espolla\" \/><figcaption class=\"elementor-image-carousel-caption\">Espolla<\/figcaption><\/figure><\/div><div class=\"swiper-slide\" role=\"group\" aria-roledescription=\"slide\" aria-label=\"8 de 16\"><figure class=\"swiper-slide-inner\"><img decoding=\"async\" class=\"swiper-slide-image\" src=\"https:\/\/via27.com\/wp-content\/uploads\/2026\/04\/Figueres-RdaFiral.jpg\" alt=\"Figueres, Ronda Firal\" \/><figcaption class=\"elementor-image-carousel-caption\">Figueres, Ronda Firal<\/figcaption><\/figure><\/div><div class=\"swiper-slide\" role=\"group\" aria-roledescription=\"slide\" aria-label=\"9 de 16\"><figure class=\"swiper-slide-inner\"><img decoding=\"async\" class=\"swiper-slide-image\" src=\"https:\/\/via27.com\/wp-content\/uploads\/2026\/04\/LEscala.jpg\" alt=\"L&#039;Escala\" \/><figcaption class=\"elementor-image-carousel-caption\">L'Escala<\/figcaption><\/figure><\/div><div class=\"swiper-slide\" role=\"group\" aria-roledescription=\"slide\" aria-label=\"10 de 16\"><figure class=\"swiper-slide-inner\"><img decoding=\"async\" class=\"swiper-slide-image\" src=\"https:\/\/via27.com\/wp-content\/uploads\/2026\/04\/Pals-scaled.jpg\" alt=\"Pals\" \/><figcaption class=\"elementor-image-carousel-caption\">Pals<\/figcaption><\/figure><\/div><div class=\"swiper-slide\" role=\"group\" aria-roledescription=\"slide\" aria-label=\"11 de 16\"><figure class=\"swiper-slide-inner\"><img decoding=\"async\" class=\"swiper-slide-image\" src=\"https:\/\/via27.com\/wp-content\/uploads\/2026\/04\/Port-de-la-Selva3.jpg\" alt=\"Port de la Selva\" \/><figcaption class=\"elementor-image-carousel-caption\">Port de la Selva<\/figcaption><\/figure><\/div><div class=\"swiper-slide\" role=\"group\" aria-roledescription=\"slide\" aria-label=\"12 de 16\"><figure class=\"swiper-slide-inner\"><img decoding=\"async\" class=\"swiper-slide-image\" src=\"https:\/\/via27.com\/wp-content\/uploads\/2026\/04\/PuigRom-4.jpg\" alt=\"Roses, Puig Rom\" \/><figcaption class=\"elementor-image-carousel-caption\">Roses, Puig Rom<\/figcaption><\/figure><\/div><div class=\"swiper-slide\" role=\"group\" aria-roledescription=\"slide\" aria-label=\"13 de 16\"><figure class=\"swiper-slide-inner\"><img decoding=\"async\" class=\"swiper-slide-image\" src=\"https:\/\/via27.com\/wp-content\/uploads\/2026\/04\/St-Llorenc-2-scaled.jpg\" alt=\"Sant Lloren\u00e7 de Fluvi\u00e0\" \/><figcaption class=\"elementor-image-carousel-caption\">Sant Lloren\u00e7 de Fluvi\u00e0<\/figcaption><\/figure><\/div><div class=\"swiper-slide\" role=\"group\" aria-roledescription=\"slide\" aria-label=\"14 de 16\"><figure class=\"swiper-slide-inner\"><img decoding=\"async\" class=\"swiper-slide-image\" src=\"https:\/\/via27.com\/wp-content\/uploads\/2026\/04\/Sta-Margalida.jpg\" alt=\"Roses, Sta. Margarida\" \/><figcaption class=\"elementor-image-carousel-caption\">Roses, Sta. Margarida <\/figcaption><\/figure><\/div><div class=\"swiper-slide\" role=\"group\" aria-roledescription=\"slide\" aria-label=\"15 de 16\"><figure class=\"swiper-slide-inner\"><img decoding=\"async\" class=\"swiper-slide-image\" src=\"https:\/\/via27.com\/wp-content\/uploads\/2026\/04\/Vilafant-Aj.jpg\" alt=\"Vilafant, Ayuntamiento\" \/><figcaption class=\"elementor-image-carousel-caption\">Vilafant, Ayuntamiento<\/figcaption><\/figure><\/div><div class=\"swiper-slide\" role=\"group\" aria-roledescription=\"slide\" aria-label=\"16 de 16\"><figure class=\"swiper-slide-inner\"><img decoding=\"async\" class=\"swiper-slide-image\" src=\"https:\/\/via27.com\/wp-content\/uploads\/2026\/04\/Vilafant-Polisport-scaled.jpg\" alt=\"Vilafant, Polideportivo\" \/><figcaption class=\"elementor-image-carousel-caption\">Vilafant, Polideportivo<\/figcaption><\/figure><\/div>\t\t\t<\/div>\n\t\t\t\t\t\t\t\t\t\t\t\t<div class=\"elementor-swiper-button elementor-swiper-button-prev\" role=\"button\" tabindex=\"0\">\n\t\t\t\t\t\t<svg aria-hidden=\"true\" class=\"e-font-icon-svg e-eicon-chevron-left\" viewBox=\"0 0 1000 1000\" xmlns=\"http:\/\/www.w3.org\/2000\/svg\"><path d=\"M646 125C629 125 613 133 604 142L308 442C296 454 292 471 292 487 292 504 296 521 308 533L604 854C617 867 629 875 646 875 663 875 679 871 692 858 704 846 713 829 713 812 713 796 708 779 692 767L438 487 692 225C700 217 708 204 708 187 708 171 704 154 692 142 675 129 663 125 646 125Z\"><\/path><\/svg>\t\t\t\t\t<\/div>\n\t\t\t\t\t<div class=\"elementor-swiper-button elementor-swiper-button-next\" role=\"button\" tabindex=\"0\">\n\t\t\t\t\t\t<svg aria-hidden=\"true\" class=\"e-font-icon-svg e-eicon-chevron-right\" viewBox=\"0 0 1000 1000\" xmlns=\"http:\/\/www.w3.org\/2000\/svg\"><path d=\"M696 533C708 521 713 504 713 487 713 471 708 454 696 446L400 146C388 133 375 125 354 125 338 125 325 129 313 142 300 154 292 171 292 187 292 204 296 221 308 233L563 492 304 771C292 783 288 800 288 817 288 833 296 850 308 863 321 871 338 875 354 875 371 875 388 867 400 854L696 533Z\"><\/path><\/svg>\t\t\t\t\t<\/div>\n\t\t\t\t\n\t\t\t\t\t\t\t\t\t<div class=\"swiper-pagination\"><\/div>\n\t\t\t\t\t\t\t\t\t<\/div>\n\t\t\t\t\t\t<\/div>\n\t\t\t\t<\/div>\n\t\t\t\t<\/div>\n\t\t<div class=\"elementor-element elementor-element-5c83849 e-flex e-con-boxed e-con e-parent\" data-id=\"5c83849\" data-element_type=\"container\" data-e-type=\"container\" data-settings=\"{&quot;background_background&quot;:&quot;classic&quot;}\">\n\t\t\t\t\t<div class=\"e-con-inner\">\n\t\t<div class=\"elementor-element elementor-element-fce2172 e-con-full e-flex e-con e-child\" data-id=\"fce2172\" data-element_type=\"container\" data-e-type=\"container\">\n\t\t\t\t<div class=\"elementor-element elementor-element-561714f elementor-widget elementor-widget-heading\" data-id=\"561714f\" data-element_type=\"widget\" data-e-type=\"widget\" data-widget_type=\"heading.default\">\n\t\t\t\t\t<h2 class=\"elementor-heading-title elementor-size-default\">\u00bfPor qu\u00e9 te puedo ayudar<\/h2>\t\t\t\t<\/div>\n\t\t\t\t<div class=\"elementor-element elementor-element-993c17e elementor-widget elementor-widget-heading\" data-id=\"993c17e\" data-element_type=\"widget\" data-e-type=\"widget\" data-widget_type=\"heading.default\">\n\t\t\t\t\t<h2 class=\"elementor-heading-title elementor-size-default\">como consultor?<\/h2>\t\t\t\t<\/div>\n\t\t\t\t<\/div>\n\t\t<div class=\"elementor-element elementor-element-a50c150 e-con-full e-flex e-con e-child\" data-id=\"a50c150\" data-element_type=\"container\" data-e-type=\"container\">\n\t\t\t\t<div class=\"elementor-element elementor-element-e419219 elementor-widget__width-inherit elementor-widget elementor-widget-text-editor\" data-id=\"e419219\" data-element_type=\"widget\" data-e-type=\"widget\" data-widget_type=\"text-editor.default\">\n\t\t\t\t\t\t\t\t\t<p>Porque he conocido y practicado todas las ramas de mi oficio:<\/p><p>Urbanismo macro y micro, empresa privada, asesor\u00eda a ayuntamientos, patolog\u00edas, peritaje ante tribunales, intervenci\u00f3n ambiental, construcci\u00f3n mediana y peque\u00f1a, rehabilitaci\u00f3n.<\/p><p>No soy especialista en ninguna de ellas, pero a cambio tengo una buena visi\u00f3n transversal.<\/p><p>Conozco bastante las t\u00e9cnicas constructivas del pasado y estoy al tanto de las actuales. Me gusta el bricolaje. <\/p><p>\u201cLa informaci\u00f3n que no se paga, es publicidad.\u201d<\/p>\t\t\t\t\t\t\t\t<\/div>\n\t\t\t\t<div class=\"elementor-element elementor-element-2c206a6 elementor-widget elementor-widget-button\" data-id=\"2c206a6\" data-element_type=\"widget\" data-e-type=\"widget\" data-widget_type=\"button.default\">\n\t\t\t\t\t\t\t\t\t\t<a class=\"elementor-button elementor-button-link elementor-size-sm\" href=\"https:\/\/via27.com\/es\/#contacte\">\n\t\t\t\t\t\t<span class=\"elementor-button-content-wrapper\">\n\t\t\t\t\t\t\t\t\t<span class=\"elementor-button-text\">CONTACTA CONMIGO<\/span>\n\t\t\t\t\t<\/span>\n\t\t\t\t\t<\/a>\n\t\t\t\t\t\t\t\t<\/div>\n\t\t\t\t<\/div>\n\t\t\t\t\t<\/div>\n\t\t\t\t<\/div>\n\t\t<div class=\"elementor-element elementor-element-f199f3c e-con-full e-flex e-con e-parent\" data-id=\"f199f3c\" data-element_type=\"container\" data-e-type=\"container\">\n\t\t<div class=\"elementor-element elementor-element-4320e8a e-con-full e-flex e-con e-child\" data-id=\"4320e8a\" data-element_type=\"container\" data-e-type=\"container\">\n\t\t\t\t<div class=\"elementor-element elementor-element-0374452 elementor-widget elementor-widget-image\" data-id=\"0374452\" data-element_type=\"widget\" data-e-type=\"widget\" data-widget_type=\"image.default\">\n\t\t\t\t\t\t\t\t\t\t\t\t\t\t\t<img fetchpriority=\"high\" decoding=\"async\" width=\"800\" height=\"937\" src=\"https:\/\/via27.com\/wp-content\/uploads\/2026\/04\/justicia-874x1024.jpg\" class=\"attachment-large size-large wp-image-534\" alt=\"\" srcset=\"https:\/\/via27.com\/wp-content\/uploads\/2026\/04\/justicia-874x1024.jpg 874w, https:\/\/via27.com\/wp-content\/uploads\/2026\/04\/justicia-256x300.jpg 256w, https:\/\/via27.com\/wp-content\/uploads\/2026\/04\/justicia-768x900.jpg 768w, https:\/\/via27.com\/wp-content\/uploads\/2026\/04\/justicia-1311x1536.jpg 1311w, https:\/\/via27.com\/wp-content\/uploads\/2026\/04\/justicia.jpg 1531w\" sizes=\"(max-width: 800px) 100vw, 800px\" \/>\t\t\t\t\t\t\t\t\t\t\t\t\t\t\t<\/div>\n\t\t\t\t<\/div>\n\t\t<div class=\"elementor-element elementor-element-f1ba7b3 e-con-full e-flex e-con e-child\" data-id=\"f1ba7b3\" data-element_type=\"container\" data-e-type=\"container\">\n\t\t\t\t<div class=\"elementor-element elementor-element-a37155f elementor-widget elementor-widget-heading\" data-id=\"a37155f\" data-element_type=\"widget\" data-e-type=\"widget\" data-widget_type=\"heading.default\">\n\t\t\t\t\t<h2 class=\"elementor-heading-title elementor-size-default\">\u00bfPor qu\u00e9 te puedo ayudar<\/h2>\t\t\t\t<\/div>\n\t\t\t\t<div class=\"elementor-element elementor-element-e64814c elementor-widget elementor-widget-heading\" data-id=\"e64814c\" data-element_type=\"widget\" data-e-type=\"widget\" data-widget_type=\"heading.default\">\n\t\t\t\t\t<h2 class=\"elementor-heading-title elementor-size-default\">delante de los tribunales?<\/h2>\t\t\t\t<\/div>\n\t\t\t\t<div class=\"elementor-element elementor-element-06a8661 elementor-widget elementor-widget-spacer\" data-id=\"06a8661\" data-element_type=\"widget\" data-e-type=\"widget\" data-widget_type=\"spacer.default\">\n\t\t\t\t\t\t\t<div class=\"elementor-spacer\">\n\t\t\t<div class=\"elementor-spacer-inner\"><\/div>\n\t\t<\/div>\n\t\t\t\t\t\t<\/div>\n\t\t\t\t<div class=\"elementor-element elementor-element-a79d147 elementor-widget elementor-widget-text-editor\" data-id=\"a79d147\" data-element_type=\"widget\" data-e-type=\"widget\" data-widget_type=\"text-editor.default\">\n\t\t\t\t\t\t\t\t\t<p>Porque soy Diplomado en Arquitectura Legal y Forense (DALF) por la Universitat Pompeu Fabra, y M\u00e1ster en Intervenci\u00f3n Ambiental por la UB. Actualmente soy el Vocal de Girona en la Junta de la Agrupaci\u00f3n de Arquitectos Expertos Periciales y Forenses de Catalunya. <\/p><p>Porque soy miembro desde hace m\u00e1s de 25 a\u00f1os de las Listas Oficiales de Arquitectos Peritos de los Juzgados, y desde hace 15 a\u00f1os de las Listas Especiales para el Tribunal Superior de Justicia de Catalunya, los Tribunales Contencioso-Administrativos y la Audiencia de Girona.<\/p><p>Tambi\u00e9n trabajo para particulares en este \u00e1mbito, pero no defiendo causas indefendibles.<\/p>\t\t\t\t\t\t\t\t<\/div>\n\t\t\t\t<\/div>\n\t\t\t\t<\/div>\n\t\t\t\t<\/div>\n\t\t","protected":false},"excerpt":{"rendered":"<p>\u00bfPor qu\u00e9 te puedo ayudar como arquitecto? Porque conozco todos los aspectos y conflictos de la promoci\u00f3n y construcci\u00f3n de casas. He proyectado y dirigido cientos de edificios, medianos y peque\u00f1os, el 90\u202f% de ellos de vivienda. En los \u00faltimos 20 a\u00f1os me he concentrado en la vivienda unifamiliar de proximidad, la gran mayor\u00eda en [&hellip;]<\/p>\n","protected":false},"author":1,"featured_media":0,"parent":0,"menu_order":0,"comment_status":"closed","ping_status":"closed","template":"elementor_header_footer","meta":{"footnotes":""},"class_list":["post-535","page","type-page","status-publish","hentry"],"_links":{"self":[{"href":"https:\/\/via27.com\/es\/wp-json\/wp\/v2\/pages\/535","targetHints":{"allow":["GET"]}}],"collection":[{"href":"https:\/\/via27.com\/es\/wp-json\/wp\/v2\/pages"}],"about":[{"href":"https:\/\/via27.com\/es\/wp-json\/wp\/v2\/types\/page"}],"author":[{"embeddable":true,"href":"https:\/\/via27.com\/es\/wp-json\/wp\/v2\/users\/1"}],"replies":[{"embeddable":true,"href":"https:\/\/via27.com\/es\/wp-json\/wp\/v2\/comments?post=535"}],"version-history":[{"count":5,"href":"https:\/\/via27.com\/es\/wp-json\/wp\/v2\/pages\/535\/revisions"}],"predecessor-version":[{"id":758,"href":"https:\/\/via27.com\/es\/wp-json\/wp\/v2\/pages\/535\/revisions\/758"}],"wp:attachment":[{"href":"https:\/\/via27.com\/es\/wp-json\/wp\/v2\/media?parent=535"}],"curies":[{"name":"wp","href":"https:\/\/api.w.org\/{rel}","templated":true}]}}